{"id":8412,"date":"2018-01-01T20:00:50","date_gmt":"2018-01-01T20:00:50","guid":{"rendered":"https:\/\/www.ils.es\/?page_id=8412"},"modified":"2020-05-18T07:26:28","modified_gmt":"2020-05-18T07:26:28","slug":"oxford-test-of-english","status":"publish","type":"page","link":"https:\/\/www.ils.es\/en\/training\/oxford-test-of-english\/","title":{"rendered":"Oxford Test of English"},"content":{"rendered":"<style type=\"text\/css\"> \n#cmsmasters_row_69f1e42a885454_00452621 { \n\tbackground-image: url(https:\/\/www.ils.es\/wp-content\/uploads\/2018\/01\/Banner-OTE-ATC-970x250.jpg); \n\tbackground-position: top center; \n\tbackground-repeat: no-repeat; \n\tbackground-attachment: scroll; \n\tbackground-size: cover; \n} \n\n#cmsmasters_row_69f1e42a885454_00452621 .cmsmasters_row_outer_parent { \n\tpadding-top: 130px; \n} \n\n#cmsmasters_row_69f1e42a885454_00452621 .cmsmasters_row_outer_parent { \n\tpadding-bottom: 130px; \n} \n\n \n#cmsmasters_heading_69f1e42a888c97_84343407 { \n\ttext-align:center; \n\tmargin-top:0px; \n\tmargin-bottom:0px; \n} \n\n#cmsmasters_heading_69f1e42a888c97_84343407 .cmsmasters_heading { \n\ttext-align:center; \n} \n\n#cmsmasters_heading_69f1e42a888c97_84343407 .cmsmasters_heading, #cmsmasters_heading_69f1e42a888c97_84343407 .cmsmasters_heading a { \n\tfont-weight:normal; \n\tfont-style:normal; \n} \n\n#cmsmasters_heading_69f1e42a888c97_84343407 .cmsmasters_heading_divider { \n} \n\n \n#cmsmasters_row_69f1e42a88a227_05977624 .cmsmasters_row_outer_parent { \n\tpadding-top: 70px; \n} \n\n#cmsmasters_row_69f1e42a88a227_05977624 .cmsmasters_row_outer_parent { \n\tpadding-bottom: 50px; \n} \n\n \n#cmsmasters_row_69f1e42a88b973_02028722 .cmsmasters_row_outer_parent { \n\tpadding-top: 0px; \n} \n\n#cmsmasters_row_69f1e42a88b973_02028722 .cmsmasters_row_outer_parent { \n\tpadding-bottom: 50px; \n} \n\n \n#cmsmasters_heading_69f1e42a88c7f6_80938503 { \n\ttext-align:center; \n\tmargin-top:0px; \n\tmargin-bottom:20px; \n} \n\n#cmsmasters_heading_69f1e42a88c7f6_80938503 .cmsmasters_heading { \n\ttext-align:center; \n} \n\n#cmsmasters_heading_69f1e42a88c7f6_80938503 .cmsmasters_heading, #cmsmasters_heading_69f1e42a88c7f6_80938503 .cmsmasters_heading a { \n\tfont-weight:normal; \n\tfont-style:normal; \n} \n\n#cmsmasters_heading_69f1e42a88c7f6_80938503 .cmsmasters_heading_divider { \n} \n\n \n#cmsmasters_row_69f1e42a88ccc3_40076616 { \n\tbackground-color:#01a2a6;\n} \n\n#cmsmasters_row_69f1e42a88ccc3_40076616 .cmsmasters_row_outer_parent { \n\tpadding-top: 50px; \n} \n\n#cmsmasters_row_69f1e42a88ccc3_40076616 .cmsmasters_row_outer_parent { \n\tpadding-bottom: 50px; \n} \n\n \n#cmsmasters_heading_69f1e42a88dc36_56034862 { \n\ttext-align:center; \n\tmargin-top:0px; \n\tmargin-bottom:20px; \n} \n\n#cmsmasters_heading_69f1e42a88dc36_56034862 .cmsmasters_heading { \n\ttext-align:center; \n} \n\n#cmsmasters_heading_69f1e42a88dc36_56034862 .cmsmasters_heading, #cmsmasters_heading_69f1e42a88dc36_56034862 .cmsmasters_heading a { \n\tfont-weight:normal; \n\tfont-style:normal; \n\tcolor:#ffffff;\n} \n\n#cmsmasters_heading_69f1e42a88dc36_56034862 .cmsmasters_heading_divider { \n} \n\n \n#cmsmasters_row_69f1e42a88e677_55498836 { \n\tbackground-image: url(https:\/\/www.ils.es\/wp-content\/uploads\/2018\/01\/Banner-OTE-ATC-970x250.jpg); \n\tbackground-position: top center; \n\tbackground-repeat: no-repeat; \n\tbackground-attachment: scroll; \n\tbackground-size: cover; \n} \n\n#cmsmasters_row_69f1e42a88e677_55498836 .cmsmasters_row_outer_parent { \n\tpadding-top: 130px; \n} \n\n#cmsmasters_row_69f1e42a88e677_55498836 .cmsmasters_row_outer_parent { \n\tpadding-bottom: 130px; \n} \n\n \n#cmsmasters_heading_69f1e42a88f053_52624375 { \n\ttext-align:center; \n\tmargin-top:0px; \n\tmargin-bottom:0px; \n} \n\n#cmsmasters_heading_69f1e42a88f053_52624375 .cmsmasters_heading { \n\ttext-align:center; \n} \n\n#cmsmasters_heading_69f1e42a88f053_52624375 .cmsmasters_heading, #cmsmasters_heading_69f1e42a88f053_52624375 .cmsmasters_heading a { \n\tfont-weight:normal; \n\tfont-style:normal; \n} \n\n#cmsmasters_heading_69f1e42a88f053_52624375 .cmsmasters_heading_divider { \n} \n\n \n#cmsmasters_row_69f1e42a88f256_72474538 .cmsmasters_row_outer_parent { \n\tpadding-top: 70px; \n} \n\n#cmsmasters_row_69f1e42a88f256_72474538 .cmsmasters_row_outer_parent { \n\tpadding-bottom: 50px; \n} \n\n \n#cmsmasters_row_69f1e42a88ff69_05478925 .cmsmasters_row_outer_parent { \n\tpadding-top: 0px; \n} \n\n#cmsmasters_row_69f1e42a88ff69_05478925 .cmsmasters_row_outer_parent { \n\tpadding-bottom: 50px; \n} \n\n \n#cmsmasters_heading_69f1e42a890616_19897612 { \n\ttext-align:center; \n\tmargin-top:0px; \n\tmargin-bottom:20px; \n} \n\n#cmsmasters_heading_69f1e42a890616_19897612 .cmsmasters_heading { \n\ttext-align:center; \n} \n\n#cmsmasters_heading_69f1e42a890616_19897612 .cmsmasters_heading, #cmsmasters_heading_69f1e42a890616_19897612 .cmsmasters_heading a { \n\tfont-weight:normal; \n\tfont-style:normal; \n} \n\n#cmsmasters_heading_69f1e42a890616_19897612 .cmsmasters_heading_divider { \n} \n\n \n#cmsmasters_row_69f1e42a890a01_98734837 { \n\tbackground-color:#01a2a6;\n} \n\n#cmsmasters_row_69f1e42a890a01_98734837 .cmsmasters_row_outer_parent { \n\tpadding-top: 50px; \n} \n\n#cmsmasters_row_69f1e42a890a01_98734837 .cmsmasters_row_outer_parent { \n\tpadding-bottom: 50px; \n} \n\n \n#cmsmasters_heading_69f1e42a8916f2_99460944 { \n\ttext-align:center; \n\tmargin-top:0px; \n\tmargin-bottom:20px; \n} \n\n#cmsmasters_heading_69f1e42a8916f2_99460944 .cmsmasters_heading { \n\ttext-align:center; \n} \n\n#cmsmasters_heading_69f1e42a8916f2_99460944 .cmsmasters_heading, #cmsmasters_heading_69f1e42a8916f2_99460944 .cmsmasters_heading a { \n\tfont-weight:normal; \n\tfont-style:normal; \n\tcolor:#ffffff;\n} \n\n#cmsmasters_heading_69f1e42a8916f2_99460944 .cmsmasters_heading_divider { \n} \n\n \n#cmsmasters_row_69f1e42a891fd5_53227947 { \n\tbackground-image: url(https:\/\/www.ils.es\/wp-content\/uploads\/2018\/01\/Banner-OTE-ATC-970x250.jpg); \n\tbackground-position: top center; \n\tbackground-repeat: no-repeat; \n\tbackground-attachment: scroll; \n\tbackground-size: cover; \n} \n\n#cmsmasters_row_69f1e42a891fd5_53227947 .cmsmasters_row_outer_parent { \n\tpadding-top: 130px; \n} \n\n#cmsmasters_row_69f1e42a891fd5_53227947 .cmsmasters_row_outer_parent { \n\tpadding-bottom: 130px; \n} \n\n \n#cmsmasters_heading_69f1e42a892882_76682440 { \n\ttext-align:center; \n\tmargin-top:0px; \n\tmargin-bottom:0px; \n} \n\n#cmsmasters_heading_69f1e42a892882_76682440 .cmsmasters_heading { \n\ttext-align:center; \n} \n\n#cmsmasters_heading_69f1e42a892882_76682440 .cmsmasters_heading, #cmsmasters_heading_69f1e42a892882_76682440 .cmsmasters_heading a { \n\tfont-weight:normal; \n\tfont-style:normal; \n} \n\n#cmsmasters_heading_69f1e42a892882_76682440 .cmsmasters_heading_divider { \n} \n\n \n#cmsmasters_row_69f1e42a892ad2_85619000 .cmsmasters_row_outer_parent { \n\tpadding-top: 70px; \n} \n\n#cmsmasters_row_69f1e42a892ad2_85619000 .cmsmasters_row_outer_parent { \n\tpadding-bottom: 50px; \n} \n\n \n#cmsmasters_row_69f1e42a893832_46052994 .cmsmasters_row_outer_parent { \n\tpadding-top: 0px; \n} \n\n#cmsmasters_row_69f1e42a893832_46052994 .cmsmasters_row_outer_parent { \n\tpadding-bottom: 50px; \n} \n\n \n#cmsmasters_heading_69f1e42a893ed9_34548057 { \n\ttext-align:center; \n\tmargin-top:0px; \n\tmargin-bottom:20px; \n} \n\n#cmsmasters_heading_69f1e42a893ed9_34548057 .cmsmasters_heading { \n\ttext-align:center; \n} \n\n#cmsmasters_heading_69f1e42a893ed9_34548057 .cmsmasters_heading, #cmsmasters_heading_69f1e42a893ed9_34548057 .cmsmasters_heading a { \n\tfont-weight:normal; \n\tfont-style:normal; \n} \n\n#cmsmasters_heading_69f1e42a893ed9_34548057 .cmsmasters_heading_divider { \n} \n\n \n#cmsmasters_row_69f1e42a8942a6_02082290 { \n\tbackground-color:#01a2a6;\n} \n\n#cmsmasters_row_69f1e42a8942a6_02082290 .cmsmasters_row_outer_parent { \n\tpadding-top: 50px; \n} \n\n#cmsmasters_row_69f1e42a8942a6_02082290 .cmsmasters_row_outer_parent { \n\tpadding-bottom: 50px; \n} \n\n \n#cmsmasters_heading_69f1e42a8950d5_03581244 { \n\ttext-align:center; \n\tmargin-top:0px; \n\tmargin-bottom:20px; \n} \n\n#cmsmasters_heading_69f1e42a8950d5_03581244 .cmsmasters_heading { \n\ttext-align:center; \n} \n\n#cmsmasters_heading_69f1e42a8950d5_03581244 .cmsmasters_heading, #cmsmasters_heading_69f1e42a8950d5_03581244 .cmsmasters_heading a { \n\tfont-weight:normal; \n\tfont-style:normal; \n\tcolor:#ffffff;\n} \n\n#cmsmasters_heading_69f1e42a8950d5_03581244 .cmsmasters_heading_divider { \n} \n\n<\/style><div id=\"cmsmasters_row_69f1e42a88e677_55498836\" class=\"cmsmasters_row cmsmasters_color_scheme_default cmsmasters_row_top_default cmsmasters_row_bot_default cmsmasters_row_boxed\">\n<div class=\"cmsmasters_row_outer_parent\">\n<div class=\"cmsmasters_row_outer\">\n<div class=\"cmsmasters_row_inner\">\n<div class=\"cmsmasters_row_margin\">\n<div class=\"cmsmasters_column one_first\">\n\n<div id=\"cmsmasters_heading_69f1e42a88f053_52624375\" class=\"cmsmasters_heading_wrap cmsmasters_heading_align_center\">\n\t<h1 class=\"cmsmasters_heading\"><\/h1>\n<\/div>\n<\/div>\n<\/div>\n<\/div>\n<\/div>\n<\/div>\n<\/div>\n<div id=\"cmsmasters_row_69f1e42a88f256_72474538\" class=\"cmsmasters_row cmsmasters_color_scheme_default cmsmasters_row_top_default cmsmasters_row_bot_default cmsmasters_row_boxed\">\n<div class=\"cmsmasters_row_outer_parent\">\n<div class=\"cmsmasters_row_outer\">\n<div class=\"cmsmasters_row_inner\">\n<div class=\"cmsmasters_row_margin\">\n<div class=\"cmsmasters_column one_first\">\n<div class=\"cmsmasters_text\">\n<p class=\"p1\" style=\"text-align: center;\"><span class=\"s1\" style=\"font-size: 12pt;\">Con m\u00e1s de veinticinco a\u00f1os de experiencia en la docencia de idiomas y preparaci\u00f3n de ex\u00e1menes oficiales, <strong>ILS vuelve a ser pionero al convertirse en CENTRO EXAMINADOR AUTORIZADO DEL OXFORD TEST OF ENGLISH (OTE)<\/strong>.<br \/>\nEl examen <strong>OTE te permite certificar el nivel A2, B1 o B2 de forma m\u00e1s econ\u00f3mica, sencilla y r\u00e1pida<\/strong>.<br \/>\nEl <strong>Oxford test of English (OTE)<\/strong> consta de 4 m\u00f3dulos: SPEAKING (expresi\u00f3n oral), LISTENING (comprensi\u00f3n auditiva), WRITING (expresi\u00f3n escrita) y READING (comprensi\u00f3n escrita). El examen tiene una duraci\u00f3n de <strong>2 horas<\/strong>.<br \/>\n.<\/span><\/p>\n<ul>\n<li>Los resultados de la prueba estar\u00e1n <strong>disponibles en 14 d\u00edas<\/strong>.<\/li>\n<li>Tendr\u00e1s tu nota en cada una de las competencias y tu nota global de forma num\u00e9rica y su equivalencia en el Marco Com\u00fan Europeo de Referencia de las lenguas (MCER).<\/li>\n<li>Se pueden repetir los m\u00f3dulos de manera individual y el informe siempre mostrar\u00e1 el \u00faltimo resultado.<\/li>\n<li>Siempre tendr\u00e1s disponible el t\u00edtulo en la web para su descarga.<\/li>\n<li>Reconocido por los siguientes instituciones y organizaciones: UPV, UNED, Universidad de Deusto, Universidad Complutense de Madrid, CRUE\u2026<\/li>\n<li>Titulo reconocido para programas de <strong>ERASMUS<\/strong>.<\/li>\n<\/ul>\n<\/div>\n<\/div>\n<\/div>\n<\/div>\n<\/div>\n<\/div>\n<\/div>\n<div id=\"cmsmasters_row_69f1e42a88ff69_05478925\" class=\"cmsmasters_row cmsmasters_color_scheme_default cmsmasters_row_top_default cmsmasters_row_bot_default cmsmasters_row_boxed\">\n<div class=\"cmsmasters_row_outer_parent\">\n<div class=\"cmsmasters_row_outer\">\n<div class=\"cmsmasters_row_inner\">\n<div class=\"cmsmasters_row_margin\">\n<div class=\"cmsmasters_column one_first\">\n\n<div id=\"cmsmasters_heading_69f1e42a890616_19897612\" class=\"cmsmasters_heading_wrap cmsmasters_heading_align_center\">\n\t<h4 class=\"cmsmasters_heading\">\u00bfQuieres hacerte una idea de c\u00f3mo es el Oxford Test of English? <\/h4>\n<\/div><div class=\"cmsmasters_text\">\n<p style=\"text-align: center;\"><a href=\"http:\/\/www.oxfordtestofenglish.es\/prueba-el-examen\/\" target=\"_blank\"><span style=\"text-decoration: underline;\">Aqu\u00ed<\/span><\/a> tienes un ejemplo de examen por destrezas o completo.<\/p>\n<p style=\"text-align: center;\">Todos los detalles del examen se pueden consultar y ver en la siguiente direcci\u00f3n web: <a href=\"http:\/\/www.oxfordtestofenglish.es\/\" target=\"_blank\">http:\/\/www.oxfordtestofenglish.es\/<\/a><\/p>\n<\/div>\n<\/div>\n<\/div>\n<\/div>\n<\/div>\n<\/div>\n<\/div>\n<div id=\"cmsmasters_row_69f1e42a890a01_98734837\" class=\"cmsmasters_row cmsmasters_color_scheme_default cmsmasters_row_top_default cmsmasters_row_bot_default cmsmasters_row_boxed\">\n<div class=\"cmsmasters_row_outer_parent\">\n<div class=\"cmsmasters_row_outer\">\n<div class=\"cmsmasters_row_inner\">\n<div class=\"cmsmasters_row_margin\">\n<div class=\"cmsmasters_column one_first\">\n\n<div id=\"cmsmasters_heading_69f1e42a8916f2_99460944\" class=\"cmsmasters_heading_wrap cmsmasters_heading_align_center\">\n\t<h3 class=\"cmsmasters_heading\">DETALLES DE LAS CONVOCATORIAS<\/h3>\n<\/div><div class=\"cmsmasters_text\">\n<table class=\"cmsmasters_table\">\n<thead>\n<tr class=\"cmsmasters_table_row_header\">\n<th class=\"cmsmasters_table_cell_aligncenter\">FECHA OTE 2018:<\/th>\n<th class=\"cmsmasters_table_cell_aligncenter\">CONSULTAR EN ILS<\/th>\n<\/tr>\n<\/thead>\n<tfoot>\n<tr class=\"cmsmasters_table_row_footer\">\n<td class=\"cmsmasters_table_cell_aligncenter\"><\/td>\n<td class=\"cmsmasters_table_cell_aligncenter\"><\/td>\n<\/tr>\n<tr class=\"cmsmasters_table_row_footer\">\n<td class=\"cmsmasters_table_cell_aligncenter\"><\/td>\n<td class=\"cmsmasters_table_cell_aligncenter\"><\/td>\n<\/tr>\n<tr class=\"cmsmasters_table_row_footer\">\n<td class=\"cmsmasters_table_cell_aligncenter\"><\/td>\n<td class=\"cmsmasters_table_cell_aligncenter\"><\/td>\n<\/tr>\n<\/tfoot>\n<\/table>\n<p><span style=\"color: #ffffff;\"><u>Precio<\/u><\/span><\/p>\n<ul>\n<li><span style=\"color: #ffffff;\">Alumnos\/as y personal de Centro: 89 euros<\/span><\/li>\n<li><span style=\"color: #ffffff;\">Resto de personas: 98 euros<\/span><\/li>\n<\/ul>\n<p><span style=\"color: #ffffff;\"><u>Procedimiento para la matr\u00edcula:<\/u><\/span><\/p>\n<ul>\n<li><span style=\"color: #ffffff;\">Rellenar el siguiente formulario:<span style=\"color: #ffbf3b;\"> <a style=\"color: #ffbf3b;\" href=\"https:\/\/goo.gl\/forms\/pHtXoSiEBujRgqu92\" target=\"_blank\">https:\/\/goo.gl\/forms\/pHtXoSiEBujRgqu92<\/a><\/span><\/span><\/li>\n<li><span style=\"color: #ffffff;\">Ingresar el importe se\u00f1alado en la siguiente cuenta bancaria: ES60 2095 5036 5110 6201 3072 <\/span><\/li>\n<li><span style=\"color: #ffffff;\">En el concepto se debe poner: <strong>OTE + Nombre y apellidos<\/strong><\/span><\/li>\n<li><span style=\"color: #ffffff;\">Una vez completado el formulario remitir el resguardo bancario a <span style=\"color: #ffbf3b;\"><a style=\"color: #ffbf3b;\" href=\"mailto:ils@ils.es\">ils@ils.es<\/a><\/span><\/span><\/li>\n<\/ul>\n<\/div>\n<\/div>\n<\/div>\n<\/div>\n<\/div>\n<\/div>\n<\/div>","protected":false},"excerpt":{"rendered":"","protected":false},"author":1,"featured_media":0,"parent":429,"menu_order":0,"comment_status":"closed","ping_status":"closed","template":"","meta":{"inline_featured_image":false,"_kad_blocks_custom_css":"","_kad_blocks_head_custom_js":"","_kad_blocks_body_custom_js":"","_kad_blocks_footer_custom_js":"","_joinchat":[],"footnotes":""},"yoast_head":"<!-- This site is optimized with the Yoast SEO plugin v23.0 - https:\/\/yoast.com\/wordpress\/plugins\/seo\/ -->\n<title>Oxford Test of English - ILS<\/title>\n<meta name=\"robots\" content=\"index, follow, max-snippet:-1, max-image-preview:large, max-video-preview:-1\" \/>\n<link rel=\"canonical\" href=\"https:\/\/www.ils.es\/eu\/formazioa\/oxford-test-of-english\/\" \/>\n<meta property=\"og:locale\" content=\"en_US\" \/>\n<meta property=\"og:type\" content=\"article\" \/>\n<meta property=\"og:title\" content=\"Oxford Test of English - ILS\" \/>\n<meta property=\"og:url\" content=\"https:\/\/www.ils.es\/eu\/formazioa\/oxford-test-of-english\/\" \/>\n<meta property=\"og:site_name\" content=\"ILS\" \/>\n<meta property=\"article:publisher\" content=\"https:\/\/www.facebook.com\/IndustryLanguageServices\/\" \/>\n<meta property=\"article:modified_time\" content=\"2020-05-18T07:26:28+00:00\" \/>\n<meta name=\"twitter:card\" content=\"summary_large_image\" \/>\n<meta name=\"twitter:site\" content=\"@IlsHizkuntzak\" \/>\n<meta name=\"twitter:label1\" content=\"Est. reading time\" \/>\n\t<meta name=\"twitter:data1\" content=\"8 minutes\" \/>\n<script type=\"application\/ld+json\" class=\"yoast-schema-graph\">{\"@context\":\"https:\/\/schema.org\",\"@graph\":[{\"@type\":\"WebPage\",\"@id\":\"https:\/\/www.ils.es\/eu\/formazioa\/oxford-test-of-english\/\",\"url\":\"https:\/\/www.ils.es\/eu\/formazioa\/oxford-test-of-english\/\",\"name\":\"Oxford Test of English - ILS\",\"isPartOf\":{\"@id\":\"https:\/\/www.ils.es\/#website\"},\"datePublished\":\"2018-01-01T20:00:50+00:00\",\"dateModified\":\"2020-05-18T07:26:28+00:00\",\"breadcrumb\":{\"@id\":\"https:\/\/www.ils.es\/eu\/formazioa\/oxford-test-of-english\/#breadcrumb\"},\"inLanguage\":\"en-US\",\"potentialAction\":[{\"@type\":\"ReadAction\",\"target\":[\"https:\/\/www.ils.es\/eu\/formazioa\/oxford-test-of-english\/\"]}]},{\"@type\":\"BreadcrumbList\",\"@id\":\"https:\/\/www.ils.es\/eu\/formazioa\/oxford-test-of-english\/#breadcrumb\",\"itemListElement\":[{\"@type\":\"ListItem\",\"position\":1,\"name\":\"Portada\",\"item\":\"https:\/\/www.ils.es\/\"},{\"@type\":\"ListItem\",\"position\":2,\"name\":\"Formazioa\",\"item\":\"https:\/\/www.ils.es\/eu\/formazioa\/\"},{\"@type\":\"ListItem\",\"position\":3,\"name\":\"Oxford Test of English\"}]},{\"@type\":\"WebSite\",\"@id\":\"https:\/\/www.ils.es\/#website\",\"url\":\"https:\/\/www.ils.es\/\",\"name\":\"ILS\",\"description\":\"Industry Language Services\",\"publisher\":{\"@id\":\"https:\/\/www.ils.es\/#organization\"},\"potentialAction\":[{\"@type\":\"SearchAction\",\"target\":{\"@type\":\"EntryPoint\",\"urlTemplate\":\"https:\/\/www.ils.es\/?s={search_term_string}\"},\"query-input\":\"required name=search_term_string\"}],\"inLanguage\":\"en-US\"},{\"@type\":\"Organization\",\"@id\":\"https:\/\/www.ils.es\/#organization\",\"name\":\"ILS\",\"url\":\"https:\/\/www.ils.es\/\",\"logo\":{\"@type\":\"ImageObject\",\"inLanguage\":\"en-US\",\"@id\":\"https:\/\/www.ils.es\/#\/schema\/logo\/image\/\",\"url\":\"https:\/\/www.ils.es\/wp-content\/uploads\/2021\/09\/logo_ILS_IMH-julio21.png\",\"contentUrl\":\"https:\/\/www.ils.es\/wp-content\/uploads\/2021\/09\/logo_ILS_IMH-julio21.png\",\"width\":1573,\"height\":317,\"caption\":\"ILS\"},\"image\":{\"@id\":\"https:\/\/www.ils.es\/#\/schema\/logo\/image\/\"},\"sameAs\":[\"https:\/\/www.facebook.com\/IndustryLanguageServices\/\",\"https:\/\/x.com\/IlsHizkuntzak\",\"https:\/\/www.instagram.com\/ils_hizkuntzak\/\",\"https:\/\/www.linkedin.com\/company\/11031121\/admin\/\",\"https:\/\/www.youtube.com\/channel\/UC7MsREoCnZBtKrTlt0Jz4fg\"]}]}<\/script>\n<!-- \/ Yoast SEO plugin. -->","yoast_head_json":{"title":"Oxford Test of English - ILS","robots":{"index":"index","follow":"follow","max-snippet":"max-snippet:-1","max-image-preview":"max-image-preview:large","max-video-preview":"max-video-preview:-1"},"canonical":"https:\/\/www.ils.es\/eu\/formazioa\/oxford-test-of-english\/","og_locale":"en_US","og_type":"article","og_title":"Oxford Test of English - ILS","og_url":"https:\/\/www.ils.es\/eu\/formazioa\/oxford-test-of-english\/","og_site_name":"ILS","article_publisher":"https:\/\/www.facebook.com\/IndustryLanguageServices\/","article_modified_time":"2020-05-18T07:26:28+00:00","twitter_card":"summary_large_image","twitter_site":"@IlsHizkuntzak","twitter_misc":{"Est. reading time":"8 minutes"},"schema":{"@context":"https:\/\/schema.org","@graph":[{"@type":"WebPage","@id":"https:\/\/www.ils.es\/eu\/formazioa\/oxford-test-of-english\/","url":"https:\/\/www.ils.es\/eu\/formazioa\/oxford-test-of-english\/","name":"Oxford Test of English - ILS","isPartOf":{"@id":"https:\/\/www.ils.es\/#website"},"datePublished":"2018-01-01T20:00:50+00:00","dateModified":"2020-05-18T07:26:28+00:00","breadcrumb":{"@id":"https:\/\/www.ils.es\/eu\/formazioa\/oxford-test-of-english\/#breadcrumb"},"inLanguage":"en-US","potentialAction":[{"@type":"ReadAction","target":["https:\/\/www.ils.es\/eu\/formazioa\/oxford-test-of-english\/"]}]},{"@type":"BreadcrumbList","@id":"https:\/\/www.ils.es\/eu\/formazioa\/oxford-test-of-english\/#breadcrumb","itemListElement":[{"@type":"ListItem","position":1,"name":"Portada","item":"https:\/\/www.ils.es\/"},{"@type":"ListItem","position":2,"name":"Formazioa","item":"https:\/\/www.ils.es\/eu\/formazioa\/"},{"@type":"ListItem","position":3,"name":"Oxford Test of English"}]},{"@type":"WebSite","@id":"https:\/\/www.ils.es\/#website","url":"https:\/\/www.ils.es\/","name":"ILS","description":"Industry Language Services","publisher":{"@id":"https:\/\/www.ils.es\/#organization"},"potentialAction":[{"@type":"SearchAction","target":{"@type":"EntryPoint","urlTemplate":"https:\/\/www.ils.es\/?s={search_term_string}"},"query-input":"required name=search_term_string"}],"inLanguage":"en-US"},{"@type":"Organization","@id":"https:\/\/www.ils.es\/#organization","name":"ILS","url":"https:\/\/www.ils.es\/","logo":{"@type":"ImageObject","inLanguage":"en-US","@id":"https:\/\/www.ils.es\/#\/schema\/logo\/image\/","url":"https:\/\/www.ils.es\/wp-content\/uploads\/2021\/09\/logo_ILS_IMH-julio21.png","contentUrl":"https:\/\/www.ils.es\/wp-content\/uploads\/2021\/09\/logo_ILS_IMH-julio21.png","width":1573,"height":317,"caption":"ILS"},"image":{"@id":"https:\/\/www.ils.es\/#\/schema\/logo\/image\/"},"sameAs":["https:\/\/www.facebook.com\/IndustryLanguageServices\/","https:\/\/x.com\/IlsHizkuntzak","https:\/\/www.instagram.com\/ils_hizkuntzak\/","https:\/\/www.linkedin.com\/company\/11031121\/admin\/","https:\/\/www.youtube.com\/channel\/UC7MsREoCnZBtKrTlt0Jz4fg"]}]}},"taxonomy_info":[],"featured_image_src_large":false,"author_info":{"display_name":"ils_elgoibar","author_link":"https:\/\/www.ils.es\/en\/author\/ils_elgoibar\/"},"comment_info":0,"_links":{"self":[{"href":"https:\/\/www.ils.es\/en\/wp-json\/wp\/v2\/pages\/8412"}],"collection":[{"href":"https:\/\/www.ils.es\/en\/wp-json\/wp\/v2\/pages"}],"about":[{"href":"https:\/\/www.ils.es\/en\/wp-json\/wp\/v2\/types\/page"}],"author":[{"embeddable":true,"href":"https:\/\/www.ils.es\/en\/wp-json\/wp\/v2\/users\/1"}],"replies":[{"embeddable":true,"href":"https:\/\/www.ils.es\/en\/wp-json\/wp\/v2\/comments?post=8412"}],"version-history":[{"count":6,"href":"https:\/\/www.ils.es\/en\/wp-json\/wp\/v2\/pages\/8412\/revisions"}],"predecessor-version":[{"id":8705,"href":"https:\/\/www.ils.es\/en\/wp-json\/wp\/v2\/pages\/8412\/revisions\/8705"}],"up":[{"embeddable":true,"href":"https:\/\/www.ils.es\/en\/wp-json\/wp\/v2\/pages\/429"}],"wp:attachment":[{"href":"https:\/\/www.ils.es\/en\/wp-json\/wp\/v2\/media?parent=8412"}],"curies":[{"name":"wp","href":"https:\/\/api.w.org\/{rel}","templated":true}]}}