{"id":11124,"date":"2022-05-17T17:20:45","date_gmt":"2022-05-17T15:20:45","guid":{"rendered":"https:\/\/www.ils.es\/?page_id=11124"},"modified":"2022-05-19T16:41:05","modified_gmt":"2022-05-19T14:41:05","slug":"web-aviso-legal","status":"publish","type":"page","link":"https:\/\/www.ils.es\/eu\/web-aviso-legal\/","title":{"rendered":"WEB: LEGE-OHARRA"},"content":{"rendered":"<style type=\"text\/css\"><\/style><div id=\"cmsmasters_row_69f336c3531809_49737428\" class=\"cmsmasters_row cmsmasters_color_scheme_default cmsmasters_row_top_default cmsmasters_row_bot_default cmsmasters_row_boxed\">\n<div class=\"cmsmasters_row_outer_parent\">\n<div class=\"cmsmasters_row_outer\">\n<div class=\"cmsmasters_row_inner\">\n<div class=\"cmsmasters_row_margin\">\n<div class=\"cmsmasters_column one_first\">\n<\/div>\n<\/div>\n<\/div>\n<\/div>\n<\/div>\n<\/div>\n<div id=\"cmsmasters_row_69f336c3532000_27932168\" class=\"cmsmasters_row cmsmasters_color_scheme_default cmsmasters_row_top_default cmsmasters_row_bot_default cmsmasters_row_boxed\">\n<div class=\"cmsmasters_row_outer_parent\">\n<div class=\"cmsmasters_row_outer\">\n<div class=\"cmsmasters_row_inner\">\n<div class=\"cmsmasters_row_margin\">\n<div class=\"cmsmasters_column one_first\">\n<div class=\"cmsmasters_text\">\n<p><strong><br \/><\/strong><\/p>\n<\/p>\n<h1 class=\"wp-block-heading\">LEY DE LOS SERVICIOS DE LA SOCIEDAD DE LA INFORMACI\u00d3N (LSSI)<\/h1>\n<p>La titular de ILS , NOREEN O\u2019CALLAGHAN- NIF: X1609815E,\u00a0 en calidad de responsable del sitio web, en adelante RESPONSABLE, pone a disposici\u00f3n de los usuarios el presente documento, con el que pretende dar cumplimiento a las obligaciones dispuestas en la Ley 34\/2002, de 11 de julio, de Servicios de la Sociedad de la Informaci\u00f3n y de Comercio Electr\u00f3nico (LSSICE), BOE N \u00ba 166, as\u00ed como informar a todos los usuarios del sitio web respecto a cu\u00e1les son las condiciones de uso.<\/p>\n<\/p>\n<p>Toda persona\u00a0 que\u00a0 acceda a este sitio web asume\u00a0 el\u00a0 papel\u00a0 de\u00a0 usuario,\u00a0 comprometi\u00e9ndose\u00a0 a\u00a0 la observancia y cumplimiento riguroso de las disposiciones aqu\u00ed dispuestas, as\u00ed como a cualquier otra disposici\u00f3n legal que fuera de aplicaci\u00f3n.<\/p>\n<\/p>\n<p>ILS , se reserva el derecho de modificar cualquier tipo de informaci\u00f3n que pudiera aparecer en el sitio web, sin que exista obligaci\u00f3n de preavisar o poner en conocimiento de los usuarios dichas obligaciones, entendi\u00e9ndose como suficiente con la publicaci\u00f3n en el sitio web de INDUSTRY LANGUAGE SERVICES S.L. www.ils.es<\/p>\n<\/p>\n<h1 class=\"wp-block-heading\">1. DATOS IDENTIFICATIVOS<\/h1>\n<p>Nombre comercial: Industry Language Services S.L.<\/p>\n<\/p>\n<p>Denominaci\u00f3n social: Industry Language Services S.L.<\/p>\n<\/p>\n<p>CIF: B20609509<\/p>\n<\/p>\n<p>Domicilio social: Azkue Auzoa 1, Elgoibar (Gipuzkoa)<\/p>\n<\/p>\n<p>Tel\u00e9fono: 943 74 40 40<\/p>\n<\/p>\n<p>E-mail: <a href=\"mailto:ils@ils.es\">ils@ils.es<\/a><\/p>\n<\/p>\n<h1 class=\"wp-block-heading\">2. DERECHOS DE PROPIEDAD INTELECTUAL E INDUSTRIAL<\/h1>\n<p>El sitio web, incluyendo a t\u00edtulo enunciativo pero no limitativo su programaci\u00f3n, edici\u00f3n, compilaci\u00f3n y dem\u00e1s elementos necesarios para su funcionamiento, los dise\u00f1os, logotipos, texto y\/o gr\u00e1ficos, son propiedad del RESPONSABLE o, si es el caso, dispone de licencia o autorizaci\u00f3n expresa por parte de los autores. Todos los contenidos del sitio web se encuentran debidamente protegidos por la normativa de propiedad intelectual e industrial, as\u00ed como inscritos en los registros p\u00fablicos correspondientes.<\/p>\n<\/p>\n<p>Independientemente de la finalidad para la que fueran destinados, la reproducci\u00f3n total o parcial, uso, explotaci\u00f3n, distribuci\u00f3n y comercializaci\u00f3n, requiere en todo caso de la autorizaci\u00f3n escrita previa por parte del RESPONSABLE. Cualquier uso no autorizado previamente se considera un incumplimiento grave de los derechos de propiedad intelectual o industrial del autor.<\/p>\n<\/p>\n<p>Los dise\u00f1os, logotipos, texto y\/o gr\u00e1ficos ajenos al RESPONSABLE y que pudieran aparecer en el sitio web, pertenecen a sus respectivos propietarios, siendo ellos mismos responsables de cualquier posible controversia que pudiera suscitarse respecto a los mismos. El RESPONSABLE autoriza expresamente<\/p>\n<\/p>\n<p>a que terceros puedan redirigir directamente a los contenidos concretos del sitio web, y en todo caso<a href=\"file:\/\/\/C:\\Users\\maitane.SAREA\\Desktop\\LOPD%20pagina%20web\\redirigir%20al%20sitio%20web%20principal%20de%20http:\\www.tipptopp\"> redirigir al sitio web principal de https:\/\/www.ils.es<\/a><\/p>\n<\/p>\n<p>El RESPONSABLE reconoce a favor de sus titulares los correspondientes derechos de propiedad intelectual e industrial, no implicando su sola menci\u00f3n o aparici\u00f3n en el sitio web la existencia de derechos o responsabilidad alguna sobre los mismos,\u00a0 como\u00a0 tampoco respaldo,\u00a0 patrocinio\u00a0 o recomendaci\u00f3n por\u00a0 parte\u00a0 del\u00a0 mismo.<\/p>\n<\/p>\n<p>Para realizar cualquier tipo de observaci\u00f3n respecto a posibles incumplimientos de los derechos de propiedad intelectual o industrial, as\u00ed como sobre cualquiera de los contenidos del sitio web, puede<a href=\"mailto:secretaria@aphice.org\"> hacerlo a trav\u00e9s del correo electr\u00f3nico<\/a> ils@ils.es<\/p>\n<\/p>\n<h1 class=\"wp-block-heading\">3. EXENCI\u00d3N DE RESPONSABILIDADES<\/h1>\n<p>El RESPONSABLE se exime de cualquier tipo de responsabilidad derivada de la informaci\u00f3n publicada en su sitio web siempre que esta informaci\u00f3n haya sido manipulada o introducida por un tercero ajeno al mismo.<\/p>\n<\/p>\n<h1 class=\"wp-block-heading\">Uso de Cookies<\/h1>\n<p>Este sitio web puede utilizar cookies t\u00e9cnicas (peque\u00f1os archivos de informaci\u00f3n que el servidor env\u00eda al ordenador de\u00a0 quien\u00a0 accede a la p\u00e1gina) para llevar\u00a0 a\u00a0 cabo\u00a0 determinadas\u00a0 funciones\u00a0 que\u00a0 son consideradas imprescindibles para el correcto funcionamiento y visualizaci\u00f3n del sitio. Las cookies utilizadas\u00a0 tienen,\u00a0 en\u00a0 todo\u00a0 caso,\u00a0 car\u00e1cter\u00a0 temporal,\u00a0 con\u00a0 la\u00a0 \u00fanica\u00a0 finalidad\u00a0 de\u00a0 hacer\u00a0 m\u00e1s\u00a0 eficaz\u00a0 la navegaci\u00f3n, y\u00a0 desaparecen al terminar la sesi\u00f3n\u00a0 del\u00a0 usuario.\u00a0 En\u00a0 ning\u00fan\u00a0 caso,\u00a0 estas\u00a0 cookies proporcionan por s\u00ed mismas datos de car\u00e1cter personal y no se utilizar\u00e1n para la recogida de los mismos.<\/p>\n<\/p>\n<p>Mediante el uso de cookies tambi\u00e9n es posible que el servidor donde se encuentra la web reconozca el navegador utilizado por el usuario con la finalidad de que la navegaci\u00f3n sea m\u00e1s sencilla, permitiendo, por ejemplo, el acceso de los usuarios que se hayan registrado previamente a las \u00e1reas, servicios, promociones o concursos reservados exclusivamente a ellos sin tener que registrarse en cada visita. Tambi\u00e9n se pueden utilizar para medir la audiencia, par\u00e1metros de tr\u00e1fico, controlar el progreso y n\u00famero de entradas, etc, siendo en estos casos cookies prescindibles t\u00e9cnicamente pero beneficiosas para el usuario. Este sitio web no instalar\u00e1 cookies prescindibles sin el consentimiento previo del usuario.<\/p>\n<\/p>\n<p>El usuario tiene la posibilidad de configurar su navegador para ser alertado de la recepci\u00f3n de cookies y para impedir su instalaci\u00f3n en su equipo. Por favor, consulte las instrucciones de su navegador para ampliar esta informaci\u00f3n.<\/p>\n<\/p>\n<h1 class=\"wp-block-heading\">Pol\u00edtica de enlaces<\/h1>\n<p>Desde\u00a0 el\u00a0 sitio\u00a0 web,\u00a0 es\u00a0 posible\u00a0 que\u00a0 se\u00a0 redirija\u00a0 a\u00a0 contenidos\u00a0 de\u00a0 terceros\u00a0 sitios\u00a0 web.\u00a0 Dado\u00a0 que\u00a0 el RESPONSABLE no\u00a0 puede controlar\u00a0 siempre\u00a0 los\u00a0 contenidos\u00a0 introducidos\u00a0 por\u00a0 los\u00a0 terceros\u00a0 en\u00a0 sus respectivos sitios web, no asume ning\u00fan tipo de responsabilidad respecto a dichos contenidos. En todo caso, proceder\u00e1 a la retirada inmediata de cualquier contenido que pudiera contravenir la legislaci\u00f3n nacional o\u00a0 internacional, la moral o\u00a0 el\u00a0 orden\u00a0 p\u00fablico,\u00a0 procediendo\u00a0 a\u00a0 la\u00a0 retirada\u00a0 inmediata de\u00a0 la redirecci\u00f3n a dicho sitio web, poniendo en conocimiento de las autoridades competentes el contenido en cuesti\u00f3n.<\/p>\n<\/p>\n<p>El RESPONSABLE no se hace responsable de la informaci\u00f3n y contenidos almacenados, a t\u00edtulo enunciativo pero no limitativo, en foros, chats, generadores de blogs, comentarios, redes sociales o cualquier otro medio que permita a terceros publicar contenidos de forma independiente en la p\u00e1gina web del RESPONSABLE. Sin embargo, y en cumplimiento de lo dispuesto en los art\u00edculos 11 y 16 de la LSSICE,\u00a0 se\u00a0 pone\u00a0 a\u00a0 disposici\u00f3n de todos los usuarios,\u00a0 autoridades\u00a0 y\u00a0 fuerzas\u00a0 de\u00a0 seguridad, colaborando de forma activa en la retirada o, en su caso, bloqueo de todos aquellos contenidos que puedan afectar o contravenir la legislaci\u00f3n nacional o internacional, los derechos de terceros o la moral y el orden p\u00fablico. En caso de que el usuario considere que existe en el sitio web alg\u00fan contenido que pudiera ser susceptible de esta clasificaci\u00f3n, se ruega lo notifique de forma inmediata al administrador del sitio web.<\/p>\n<\/p>\n<p>Este\u00a0 sitio\u00a0 web\u00a0 ha\u00a0 sido\u00a0 revisado\u00a0 y\u00a0 probado\u00a0 para\u00a0 que\u00a0 funcione\u00a0 correctamente.\u00a0 En\u00a0 principio,\u00a0 puede garantizarse el\u00a0 correcto funcionamiento los 365\u00a0 d\u00edas\u00a0 del\u00a0 a\u00f1o,\u00a0 24\u00a0 horas\u00a0 al\u00a0 d\u00eda.\u00a0 Sin\u00a0 embargo, el RESPONSABLE no descarta la posibilidad de que existan ciertos errores de programaci\u00f3n, o que acontezcan causas de fuerza mayor, cat\u00e1strofes naturales, huelgas o circunstancias semejantes que hagan imposible el acceso a la p\u00e1gina web.<\/p>\n<\/p>\n<h1 class=\"wp-block-heading\">Direcciones IP<\/h1>\n<p>Los servidores del sitio web podr\u00e1n detectar de manera autom\u00e1tica la direcci\u00f3n IP y el nombre de dominio utilizados por el usuario. Una direcci\u00f3n IP es un n\u00famero asignado autom\u00e1ticamente a un ordenador cuando \u00e9ste se conecta a Internet. Toda esta informaci\u00f3n es registrada en un fichero de actividad del servidor debidamente inscrito que permite el posterior procesamiento de los datos con el fin de obtener mediciones \u00fanicamente estad\u00edsticas que permitan conocer el n\u00famero de impresiones de p\u00e1ginas, el n\u00famero de visitas realizadas a los servidores web, el orden de visitas, el punto de acceso, etc.<\/p>\n<\/p>\n<h1 class=\"wp-block-heading\">4. LEY APLICABLE Y JURISDICCI\u00d3N<\/h1>\n<p>Para la resoluci\u00f3n de todas las controversias o cuestiones relacionadas con el presente sitio web o de las actividades en \u00e9l desarrolladas, ser\u00e1 de aplicaci\u00f3n la legislaci\u00f3n espa\u00f1ola, a la que se someten expresamente las partes, siendo competentes para la resoluci\u00f3n de todos los conflictos derivados o relacionados con su uso los Juzgados y Tribunales m\u00e1s cercanos a Eibar.<\/p>\n<\/p>\n<\/div>\nundefinedundefinedundefinedundefinedundefinedundefined<\/p>\n<\/div>\n<div class=\"cmsmasters_column one_first\">\n<\/div>\n<div class=\"cmsmasters_column one_first\">\n<\/div>\n<div class=\"cmsmasters_column one_first\">\n<\/div>\n<div class=\"cmsmasters_column one_first\">\n<\/div>\n<div class=\"cmsmasters_column one_first\">\n<\/div>\n<div class=\"cmsmasters_column one_first\">\n<\/div>\n<\/div>\n<\/div>\n<\/div>\n<\/div>\n<\/div>","protected":false},"excerpt":{"rendered":"","protected":false},"author":1,"featured_media":0,"parent":0,"menu_order":0,"comment_status":"closed","ping_status":"closed","template":"","meta":{"inline_featured_image":false,"_kad_blocks_custom_css":"","_kad_blocks_head_custom_js":"","_kad_blocks_body_custom_js":"","_kad_blocks_footer_custom_js":"","_joinchat":[],"footnotes":""},"yoast_head":"<!-- This site is optimized with the Yoast SEO plugin v23.0 - https:\/\/yoast.com\/wordpress\/plugins\/seo\/ -->\n<title>WEB: LEGE-OHARRA - ILS<\/title>\n<meta name=\"robots\" content=\"index, follow, max-snippet:-1, max-image-preview:large, max-video-preview:-1\" \/>\n<link rel=\"canonical\" href=\"https:\/\/www.ils.es\/web-aviso-legal\/\" \/>\n<meta property=\"og:locale\" content=\"en_US\" \/>\n<meta property=\"og:type\" content=\"article\" \/>\n<meta property=\"og:title\" content=\"[:es]WEB: AVISO LEGAL[:en]LEGAL[:eu]WEB: LEGE-OHARRA[:] - ILS\" \/>\n<meta property=\"og:url\" content=\"https:\/\/www.ils.es\/web-aviso-legal\/\" \/>\n<meta property=\"og:site_name\" content=\"ILS\" \/>\n<meta property=\"article:publisher\" content=\"https:\/\/www.facebook.com\/IndustryLanguageServices\/\" \/>\n<meta property=\"article:modified_time\" content=\"2022-05-19T14:41:05+00:00\" \/>\n<meta name=\"twitter:card\" content=\"summary_large_image\" \/>\n<meta name=\"twitter:site\" content=\"@IlsHizkuntzak\" \/>\n<meta name=\"twitter:label1\" content=\"Est. reading time\" \/>\n\t<meta name=\"twitter:data1\" content=\"16 minutua\" \/>\n<script type=\"application\/ld+json\" class=\"yoast-schema-graph\">{\"@context\":\"https:\/\/schema.org\",\"@graph\":[{\"@type\":\"WebPage\",\"@id\":\"https:\/\/www.ils.es\/web-aviso-legal\/\",\"url\":\"https:\/\/www.ils.es\/web-aviso-legal\/\",\"name\":\"[:es]WEB: AVISO LEGAL[:en]LEGAL[:eu]WEB: LEGE-OHARRA[:] - ILS\",\"isPartOf\":{\"@id\":\"https:\/\/www.ils.es\/#website\"},\"datePublished\":\"2022-05-17T15:20:45+00:00\",\"dateModified\":\"2022-05-19T14:41:05+00:00\",\"breadcrumb\":{\"@id\":\"https:\/\/www.ils.es\/web-aviso-legal\/#breadcrumb\"},\"inLanguage\":\"eu\",\"potentialAction\":[{\"@type\":\"ReadAction\",\"target\":[\"https:\/\/www.ils.es\/web-aviso-legal\/\"]}]},{\"@type\":\"BreadcrumbList\",\"@id\":\"https:\/\/www.ils.es\/web-aviso-legal\/#breadcrumb\",\"itemListElement\":[{\"@type\":\"ListItem\",\"position\":1,\"name\":\"Portada\",\"item\":\"https:\/\/www.ils.es\/\"},{\"@type\":\"ListItem\",\"position\":2,\"name\":\"WEB: AVISO LEGAL\"}]},{\"@type\":\"WebSite\",\"@id\":\"https:\/\/www.ils.es\/#website\",\"url\":\"https:\/\/www.ils.es\/\",\"name\":\"ILS\",\"description\":\"Industry Language Services\",\"publisher\":{\"@id\":\"https:\/\/www.ils.es\/#organization\"},\"potentialAction\":[{\"@type\":\"SearchAction\",\"target\":{\"@type\":\"EntryPoint\",\"urlTemplate\":\"https:\/\/www.ils.es\/?s={search_term_string}\"},\"query-input\":\"required name=search_term_string\"}],\"inLanguage\":\"eu\"},{\"@type\":\"Organization\",\"@id\":\"https:\/\/www.ils.es\/#organization\",\"name\":\"ILS\",\"url\":\"https:\/\/www.ils.es\/\",\"logo\":{\"@type\":\"ImageObject\",\"inLanguage\":\"eu\",\"@id\":\"https:\/\/www.ils.es\/#\/schema\/logo\/image\/\",\"url\":\"https:\/\/www.ils.es\/wp-content\/uploads\/2021\/09\/logo_ILS_IMH-julio21.png\",\"contentUrl\":\"https:\/\/www.ils.es\/wp-content\/uploads\/2021\/09\/logo_ILS_IMH-julio21.png\",\"width\":1573,\"height\":317,\"caption\":\"ILS\"},\"image\":{\"@id\":\"https:\/\/www.ils.es\/#\/schema\/logo\/image\/\"},\"sameAs\":[\"https:\/\/www.facebook.com\/IndustryLanguageServices\/\",\"https:\/\/x.com\/IlsHizkuntzak\",\"https:\/\/www.instagram.com\/ils_hizkuntzak\/\",\"https:\/\/www.linkedin.com\/company\/11031121\/admin\/\",\"https:\/\/www.youtube.com\/channel\/UC7MsREoCnZBtKrTlt0Jz4fg\"]}]}<\/script>\n<!-- \/ Yoast SEO plugin. -->","yoast_head_json":{"title":"[:es]WEB: AVISO LEGAL[:en]LEGAL[:eu]WEB: LEGE-OHARRA[:] - ILS","robots":{"index":"index","follow":"follow","max-snippet":"max-snippet:-1","max-image-preview":"max-image-preview:large","max-video-preview":"max-video-preview:-1"},"canonical":"https:\/\/www.ils.es\/web-aviso-legal\/","og_locale":"en_US","og_type":"article","og_title":"[:es]WEB: AVISO LEGAL[:en]LEGAL[:eu]WEB: LEGE-OHARRA[:] - ILS","og_url":"https:\/\/www.ils.es\/web-aviso-legal\/","og_site_name":"ILS","article_publisher":"https:\/\/www.facebook.com\/IndustryLanguageServices\/","article_modified_time":"2022-05-19T14:41:05+00:00","twitter_card":"summary_large_image","twitter_site":"@IlsHizkuntzak","twitter_misc":{"Est. reading time":"16 minutua"},"schema":{"@context":"https:\/\/schema.org","@graph":[{"@type":"WebPage","@id":"https:\/\/www.ils.es\/web-aviso-legal\/","url":"https:\/\/www.ils.es\/web-aviso-legal\/","name":"[:es]WEB: AVISO LEGAL[:en]LEGAL[:eu]WEB: LEGE-OHARRA[:] - ILS","isPartOf":{"@id":"https:\/\/www.ils.es\/#website"},"datePublished":"2022-05-17T15:20:45+00:00","dateModified":"2022-05-19T14:41:05+00:00","breadcrumb":{"@id":"https:\/\/www.ils.es\/web-aviso-legal\/#breadcrumb"},"inLanguage":"eu","potentialAction":[{"@type":"ReadAction","target":["https:\/\/www.ils.es\/web-aviso-legal\/"]}]},{"@type":"BreadcrumbList","@id":"https:\/\/www.ils.es\/web-aviso-legal\/#breadcrumb","itemListElement":[{"@type":"ListItem","position":1,"name":"Portada","item":"https:\/\/www.ils.es\/"},{"@type":"ListItem","position":2,"name":"WEB: AVISO LEGAL"}]},{"@type":"WebSite","@id":"https:\/\/www.ils.es\/#website","url":"https:\/\/www.ils.es\/","name":"ILS","description":"Industry Language Services","publisher":{"@id":"https:\/\/www.ils.es\/#organization"},"potentialAction":[{"@type":"SearchAction","target":{"@type":"EntryPoint","urlTemplate":"https:\/\/www.ils.es\/?s={search_term_string}"},"query-input":"required name=search_term_string"}],"inLanguage":"eu"},{"@type":"Organization","@id":"https:\/\/www.ils.es\/#organization","name":"ILS","url":"https:\/\/www.ils.es\/","logo":{"@type":"ImageObject","inLanguage":"eu","@id":"https:\/\/www.ils.es\/#\/schema\/logo\/image\/","url":"https:\/\/www.ils.es\/wp-content\/uploads\/2021\/09\/logo_ILS_IMH-julio21.png","contentUrl":"https:\/\/www.ils.es\/wp-content\/uploads\/2021\/09\/logo_ILS_IMH-julio21.png","width":1573,"height":317,"caption":"ILS"},"image":{"@id":"https:\/\/www.ils.es\/#\/schema\/logo\/image\/"},"sameAs":["https:\/\/www.facebook.com\/IndustryLanguageServices\/","https:\/\/x.com\/IlsHizkuntzak","https:\/\/www.instagram.com\/ils_hizkuntzak\/","https:\/\/www.linkedin.com\/company\/11031121\/admin\/","https:\/\/www.youtube.com\/channel\/UC7MsREoCnZBtKrTlt0Jz4fg"]}]}},"taxonomy_info":[],"featured_image_src_large":false,"author_info":{"display_name":"ils_elgoibar","author_link":"https:\/\/www.ils.es\/eu\/author\/ils_elgoibar\/"},"comment_info":0,"_links":{"self":[{"href":"https:\/\/www.ils.es\/eu\/wp-json\/wp\/v2\/pages\/11124"}],"collection":[{"href":"https:\/\/www.ils.es\/eu\/wp-json\/wp\/v2\/pages"}],"about":[{"href":"https:\/\/www.ils.es\/eu\/wp-json\/wp\/v2\/types\/page"}],"author":[{"embeddable":true,"href":"https:\/\/www.ils.es\/eu\/wp-json\/wp\/v2\/users\/1"}],"replies":[{"embeddable":true,"href":"https:\/\/www.ils.es\/eu\/wp-json\/wp\/v2\/comments?post=11124"}],"version-history":[{"count":10,"href":"https:\/\/www.ils.es\/eu\/wp-json\/wp\/v2\/pages\/11124\/revisions"}],"predecessor-version":[{"id":11145,"href":"https:\/\/www.ils.es\/eu\/wp-json\/wp\/v2\/pages\/11124\/revisions\/11145"}],"wp:attachment":[{"href":"https:\/\/www.ils.es\/eu\/wp-json\/wp\/v2\/media?parent=11124"}],"curies":[{"name":"wp","href":"https:\/\/api.w.org\/{rel}","templated":true}]}}